{"id":1919,"date":"2025-01-15T19:35:23","date_gmt":"2025-01-15T18:35:23","guid":{"rendered":"https:\/\/taxlegal.de\/de\/?page_id=1919"},"modified":"2025-10-12T21:20:24","modified_gmt":"2025-10-12T19:20:24","slug":"karriere-bei-krauss-tax-legal-steuerkanzlei-in-nuernberg","status":"publish","type":"page","link":"https:\/\/taxlegal.de\/de\/karriere-bei-krauss-tax-legal-steuerkanzlei-in-nuernberg\/","title":{"rendered":"Karriere"},"content":{"rendered":"\t\t<div data-elementor-type=\"wp-page\" data-elementor-id=\"1919\" class=\"elementor elementor-1919\" data-elementor-post-type=\"page\">\n\t\t\t\t<div class=\"elementor-element elementor-element-fcf42d1 e-flex e-con-boxed e-con e-parent\" data-id=\"fcf42d1\" data-element_type=\"container\" data-settings=\"{&quot;background_background&quot;:&quot;classic&quot;}\">\n\t\t\t\t\t<div class=\"e-con-inner\">\n\t\t\t\t<div class=\"elementor-element elementor-element-16fd049 elementor-widget elementor-widget-text-editor\" data-id=\"16fd049\" data-element_type=\"widget\" data-widget_type=\"text-editor.default\">\n\t\t\t\t<div class=\"elementor-widget-container\">\n\t\t\t\t\t\t\t\t\t<p>Ihre Zukunft als Steuerprofi beginnt hier \u2013<\/p><p>gemeinsam erfolgreich durchstarten!<\/p>\t\t\t\t\t\t\t\t<\/div>\n\t\t\t\t<\/div>\n\t\t\t\t\t<\/div>\n\t\t\t\t<\/div>\n\t\t<div class=\"elementor-element elementor-element-216f0d3 e-flex e-con-boxed e-con e-parent\" data-id=\"216f0d3\" data-element_type=\"container\" data-settings=\"{&quot;background_background&quot;:&quot;classic&quot;}\">\n\t\t\t\t\t<div class=\"e-con-inner\">\n\t\t<div class=\"elementor-element elementor-element-100d949 e-flex e-con-boxed e-con e-child\" data-id=\"100d949\" data-element_type=\"container\">\n\t\t\t\t\t<div class=\"e-con-inner\">\n\t\t\t\t<div class=\"elementor-element elementor-element-4c99cec elementor-widget elementor-widget-heading\" data-id=\"4c99cec\" data-element_type=\"widget\" data-widget_type=\"heading.default\">\n\t\t\t\t<div class=\"elementor-widget-container\">\n\t\t\t\t\t<h2 class=\"elementor-heading-title elementor-size-default\">KRAUSS Tax Legal GmbH<\/h2>\t\t\t\t<\/div>\n\t\t\t\t<\/div>\n\t\t\t\t<div class=\"elementor-element elementor-element-d218f81 elementor-widget elementor-widget-heading\" data-id=\"d218f81\" data-element_type=\"widget\" data-widget_type=\"heading.default\">\n\t\t\t\t<div class=\"elementor-widget-container\">\n\t\t\t\t\t<h2 class=\"elementor-heading-title elementor-size-default\">Karriere<\/h2>\t\t\t\t<\/div>\n\t\t\t\t<\/div>\n\t\t\t\t\t<\/div>\n\t\t\t\t<\/div>\n\t\t\t\t\t<\/div>\n\t\t\t\t<\/div>\n\t\t<div class=\"elementor-element elementor-element-ba7a92f e-flex e-con-boxed e-con e-child\" data-id=\"ba7a92f\" data-element_type=\"container\">\n\t\t\t\t\t<div class=\"e-con-inner\">\n\t\t<div class=\"elementor-element elementor-element-3adca79 e-flex e-con-boxed e-con e-child\" data-id=\"3adca79\" data-element_type=\"container\" data-settings=\"{&quot;background_background&quot;:&quot;classic&quot;}\">\n\t\t\t\t\t<div class=\"e-con-inner\">\n\t\t\t\t<div class=\"elementor-element elementor-element-ec6db2f elementor-widget elementor-widget-image\" data-id=\"ec6db2f\" data-element_type=\"widget\" data-widget_type=\"image.default\">\n\t\t\t\t<div class=\"elementor-widget-container\">\n\t\t\t\t\t\t\t\t\t\t\t\t\t\t\t<img fetchpriority=\"high\" decoding=\"async\" width=\"800\" height=\"534\" src=\"https:\/\/taxlegal.de\/de\/wp-content\/uploads\/sites\/2\/2025\/02\/11-1024x683.jpg\" class=\"attachment-large size-large wp-image-1998\" alt=\"\" srcset=\"https:\/\/taxlegal.de\/de\/wp-content\/uploads\/sites\/2\/2025\/02\/11-1024x683.jpg 1024w, https:\/\/taxlegal.de\/de\/wp-content\/uploads\/sites\/2\/2025\/02\/11-300x200.jpg 300w, https:\/\/taxlegal.de\/de\/wp-content\/uploads\/sites\/2\/2025\/02\/11-768x512.jpg 768w, https:\/\/taxlegal.de\/de\/wp-content\/uploads\/sites\/2\/2025\/02\/11.jpg 1200w\" sizes=\"(max-width: 800px) 100vw, 800px\" \/>\t\t\t\t\t\t\t\t\t\t\t\t\t\t\t<\/div>\n\t\t\t\t<\/div>\n\t\t\t\t\t<\/div>\n\t\t\t\t<\/div>\n\t\t<div class=\"elementor-element elementor-element-6331fe0 e-flex e-con-boxed e-con e-child\" data-id=\"6331fe0\" data-element_type=\"container\" data-settings=\"{&quot;background_background&quot;:&quot;classic&quot;}\">\n\t\t\t\t\t<div class=\"e-con-inner\">\n\t\t\t\t<div class=\"elementor-element elementor-element-d199d3a elementor-widget elementor-widget-image\" data-id=\"d199d3a\" data-element_type=\"widget\" data-widget_type=\"image.default\">\n\t\t\t\t<div class=\"elementor-widget-container\">\n\t\t\t\t\t\t\t\t\t\t\t\t\t\t\t<img decoding=\"async\" width=\"800\" height=\"534\" src=\"https:\/\/taxlegal.de\/de\/wp-content\/uploads\/sites\/2\/2025\/02\/2-1024x683.jpg\" class=\"attachment-large size-large wp-image-1997\" alt=\"\" srcset=\"https:\/\/taxlegal.de\/de\/wp-content\/uploads\/sites\/2\/2025\/02\/2-1024x683.jpg 1024w, https:\/\/taxlegal.de\/de\/wp-content\/uploads\/sites\/2\/2025\/02\/2-300x200.jpg 300w, https:\/\/taxlegal.de\/de\/wp-content\/uploads\/sites\/2\/2025\/02\/2-768x512.jpg 768w, https:\/\/taxlegal.de\/de\/wp-content\/uploads\/sites\/2\/2025\/02\/2.jpg 1500w\" sizes=\"(max-width: 800px) 100vw, 800px\" \/>\t\t\t\t\t\t\t\t\t\t\t\t\t\t\t<\/div>\n\t\t\t\t<\/div>\n\t\t\t\t\t<\/div>\n\t\t\t\t<\/div>\n\t\t\t\t\t<\/div>\n\t\t\t\t<\/div>\n\t\t<div class=\"elementor-element elementor-element-9e7e5bc e-flex e-con-boxed e-con e-parent\" data-id=\"9e7e5bc\" data-element_type=\"container\">\n\t\t\t\t\t<div class=\"e-con-inner\">\n\t\t\t\t<div class=\"elementor-element elementor-element-930c869 elementor-widget elementor-widget-text-editor\" data-id=\"930c869\" data-element_type=\"widget\" data-widget_type=\"text-editor.default\">\n\t\t\t\t<div class=\"elementor-widget-container\">\n\t\t\t\t\t\t\t\t\t<p>Sind Sie auf der Suche nach einer beruflichen Herausforderung, bei der Sie Ihre Fachkompetenz einbringen und gleichzeitig Ihre pers\u00f6nliche Entwicklung vorantreiben k\u00f6nnen? Dann sind Sie bei uns genau richtig!<\/p>\n<p>Wir sind eine junge, dynamische Steuerkanzlei in N\u00fcrnberg und bieten Ihnen die M\u00f6glichkeit, Teil eines engagierten Teams zu werden. Unsere Kanzlei befindet sich in modernen B\u00fcror\u00e4umen in bester Lage \u2013 mit hervorragender Anbindung an \u00f6ffentliche Verkehrsmittel und Parkm\u00f6glichkeiten. So finden Sie bei uns nicht nur ein inspirierendes Arbeitsumfeld, sondern auch eine ideale Erreichbarkeit.<\/p>\n<p><strong>Was Sie erwartet:<\/strong><\/p>\n<ul>\n<li>\n<p><strong>Spannende Mandanten:<\/strong> Sie arbeiten mit Unternehmen aus verschiedenen Branchen und Gr\u00f6\u00dfenordnungen \u2013 vom Start-up bis hin zu etablierten Mittelst\u00e4ndlern. Kein Tag ist wie der andere!<\/p>\n<\/li>\n<li>\n<p><strong>Flache Hierarchien und viel Gestaltungsspielraum:<\/strong> Bei uns haben Sie die M\u00f6glichkeit, Ihre Ideen einzubringen und eigene Projekte zu verantworten. Wir f\u00f6rdern Eigeninitiative und setzen auf eine offene Kommunikation.<\/p>\n<\/li>\n<li>\n<p><strong>Moderne Arbeitsbedingungen:<\/strong> Unsere neuen B\u00fcror\u00e4ume sind mit modernster Technik ausgestattet und bieten Ihnen eine angenehme Arbeitsatmosph\u00e4re. Flexible Arbeitszeiten und 30 Tage Urlaub tragen zudem zu einer ausgewogenen Work-Life-Balance bei.<\/p>\n<\/li>\n<li>\n<p><strong>Gehalt \/ Zusatzleistungen:<\/strong> Neben einem attraktiven Gehalt bieten wir dir zahlreiche Zusatzleistungen wie Weiterbildungen, Teamevents und vieles mehr.<\/p>\n<\/li>\n<li>\n<p><strong>Weiterentwicklung:<\/strong> Wir unterst\u00fctzen Sie aktiv bei Ihrer fachlichen und pers\u00f6nlichen Weiterentwicklung \u2013 ob durch regelm\u00e4\u00dfige Schulungen oder die Vorbereitung auf Pr\u00fcfungen wie das Steuerberaterexamen.<\/p>\n<\/li>\n<\/ul>\n<p><strong>Ihre Qualifikationen:<\/strong> Sie haben Berufserfahrung oder eine abgeschlossene Ausbildung als Steuerberater, Bilanzbuchhalter oder Steuerfachangestellter (jeweils m\/w\/d) und suchen nun nach einer neuen beruflichen Herausforderung? Sie haben fundierte DATEV-Kenntnisse und arbeiten gerne digital? Sie sind motiviert, lernbereit und m\u00f6chten Verantwortung \u00fcbernehmen? Dann freuen wir uns auf Ihre Bewerbung!<\/p>\n<p><strong>Kommen Sie in unser Team!<\/strong><\/p>\n<p>Bei uns finden Sie nicht nur einen Job, sondern eine echte Perspektive. Wir freuen uns darauf, Sie kennenzulernen und gemeinsam an der Zukunft der Kanzlei zu arbeiten.<\/p>\n<p><strong>Jetzt unkompliziert via eMail (personal@taxlegal.de) oder direkt hier bewerben!<\/strong><\/p>\t\t\t\t\t\t\t\t<\/div>\n\t\t\t\t<\/div>\n\t\t\t\t\t<\/div>\n\t\t\t\t<\/div>\n\t\t<div class=\"elementor-element elementor-element-8a6a56a e-transform e-flex e-con-boxed e-con e-parent\" data-id=\"8a6a56a\" data-element_type=\"container\" data-settings=\"{&quot;_transform_scale_effect&quot;:{&quot;unit&quot;:&quot;px&quot;,&quot;size&quot;:&quot;&quot;,&quot;sizes&quot;:[]},&quot;_transform_scale_effect_tablet&quot;:{&quot;unit&quot;:&quot;px&quot;,&quot;size&quot;:&quot;&quot;,&quot;sizes&quot;:[]},&quot;_transform_scale_effect_mobile&quot;:{&quot;unit&quot;:&quot;px&quot;,&quot;size&quot;:&quot;&quot;,&quot;sizes&quot;:[]}}\">\n\t\t\t\t\t<div class=\"e-con-inner\">\n\t\t\t\t<div class=\"elementor-element elementor-element-0731286 elementor-widget elementor-widget-button\" data-id=\"0731286\" data-element_type=\"widget\" data-widget_type=\"button.default\">\n\t\t\t\t<div class=\"elementor-widget-container\">\n\t\t\t\t\t\t\t\t\t<div class=\"elementor-button-wrapper\">\n\t\t\t\t\t<a class=\"elementor-button elementor-button-link elementor-size-xs\" href=\"https:\/\/taxlegal.de\/de\/kontakt\/\">\n\t\t\t\t\t\t<span class=\"elementor-button-content-wrapper\">\n\t\t\t\t\t\t\t\t\t<span class=\"elementor-button-text\">Jetzt bewerben<\/span>\n\t\t\t\t\t<\/span>\n\t\t\t\t\t<\/a>\n\t\t\t\t<\/div>\n\t\t\t\t\t\t\t\t<\/div>\n\t\t\t\t<\/div>\n\t\t\t\t\t<\/div>\n\t\t\t\t<\/div>\n\t\t<div class=\"elementor-element elementor-element-4942045 e-flex e-con-boxed e-con e-parent\" data-id=\"4942045\" data-element_type=\"container\" data-settings=\"{&quot;background_background&quot;:&quot;classic&quot;}\">\n\t\t\t\t\t<div class=\"e-con-inner\">\n\t\t\t\t\t<\/div>\n\t\t\t\t<\/div>\n\t\t<div class=\"elementor-element elementor-element-40a8b68 e-flex e-con-boxed e-con e-parent\" data-id=\"40a8b68\" data-element_type=\"container\">\n\t\t\t\t\t<div class=\"e-con-inner\">\n\t\t\t\t\t<\/div>\n\t\t\t\t<\/div>\n\t\t\t\t<\/div>\n\t\t","protected":false},"excerpt":{"rendered":"<p>Ihre Zukunft als Steuerprofi beginnt hier \u2013 gemeinsam erfolgreich durchstarten! KRAUSS Tax Legal GmbH Karriere Sind Sie auf der Suche nach einer beruflichen Herausforderung, bei der Sie Ihre Fachkompetenz einbringen und gleichzeitig Ihre pers\u00f6nliche Entwicklung vorantreiben k\u00f6nnen? Dann sind Sie bei uns genau richtig! Wir sind eine junge, dynamische Steuerkanzlei in N\u00fcrnberg und bieten Ihnen [&hellip;]<\/p>\n","protected":false},"author":3,"featured_media":0,"parent":0,"menu_order":2,"comment_status":"closed","ping_status":"closed","template":"elementor_header_footer","meta":{"footnotes":""},"class_list":["post-1919","page","type-page","status-publish","hentry"],"yoast_head":"<!-- This site is optimized with the Yoast SEO plugin v26.8 - https:\/\/yoast.com\/product\/yoast-seo-wordpress\/ -->\n<title>Karriere bei Krauss Tax Legal Steuerkanzlei in N\u00fcrnberg<\/title>\n<meta name=\"description\" content=\"Ihre Karriere bei Krauss Tax Legal Steuerkanzlei in N\u00fcrnberg. Hier finden Sie offene Stellenangebote und mehr.\" \/>\n<meta name=\"robots\" content=\"index, follow, max-snippet:-1, max-image-preview:large, max-video-preview:-1\" \/>\n<link rel=\"canonical\" href=\"https:\/\/taxlegal.de\/de\/karriere-bei-krauss-tax-legal-steuerkanzlei-in-nuernberg\/\" \/>\n<meta property=\"og:locale\" content=\"de_DE\" \/>\n<meta property=\"og:type\" content=\"article\" \/>\n<meta property=\"og:title\" content=\"Karriere bei Krauss Tax Legal Steuerkanzlei in N\u00fcrnberg\" \/>\n<meta property=\"og:description\" content=\"Ihre Karriere bei Krauss Tax Legal Steuerkanzlei in N\u00fcrnberg. Hier finden Sie offene Stellenangebote und mehr.\" \/>\n<meta property=\"og:url\" content=\"https:\/\/taxlegal.de\/de\/karriere-bei-krauss-tax-legal-steuerkanzlei-in-nuernberg\/\" \/>\n<meta property=\"og:site_name\" content=\"KRAUSS \u00b7 Tax Legal \u00b7 de\" \/>\n<meta property=\"article:modified_time\" content=\"2025-10-12T19:20:24+00:00\" \/>\n<meta property=\"og:image\" content=\"https:\/\/taxlegal.de\/de\/wp-content\/uploads\/sites\/2\/2025\/02\/11.jpg\" \/>\n\t<meta property=\"og:image:width\" content=\"1200\" \/>\n\t<meta property=\"og:image:height\" content=\"800\" \/>\n\t<meta property=\"og:image:type\" content=\"image\/jpeg\" \/>\n<meta name=\"twitter:card\" content=\"summary_large_image\" \/>\n<meta name=\"twitter:label1\" content=\"Gesch\u00e4tzte Lesezeit\" \/>\n\t<meta name=\"twitter:data1\" content=\"3\u00a0Minuten\" \/>\n<script type=\"application\/ld+json\" class=\"yoast-schema-graph\">{\"@context\":\"https:\/\/schema.org\",\"@graph\":[{\"@type\":\"WebPage\",\"@id\":\"https:\/\/taxlegal.de\/de\/karriere-bei-krauss-tax-legal-steuerkanzlei-in-nuernberg\/\",\"url\":\"https:\/\/taxlegal.de\/de\/karriere-bei-krauss-tax-legal-steuerkanzlei-in-nuernberg\/\",\"name\":\"Karriere bei Krauss Tax Legal Steuerkanzlei in N\u00fcrnberg\",\"isPartOf\":{\"@id\":\"https:\/\/taxlegal.de\/de\/#website\"},\"primaryImageOfPage\":{\"@id\":\"https:\/\/taxlegal.de\/de\/karriere-bei-krauss-tax-legal-steuerkanzlei-in-nuernberg\/#primaryimage\"},\"image\":{\"@id\":\"https:\/\/taxlegal.de\/de\/karriere-bei-krauss-tax-legal-steuerkanzlei-in-nuernberg\/#primaryimage\"},\"thumbnailUrl\":\"https:\/\/taxlegal.de\/de\/wp-content\/uploads\/sites\/2\/2025\/02\/11-1024x683.jpg\",\"datePublished\":\"2025-01-15T18:35:23+00:00\",\"dateModified\":\"2025-10-12T19:20:24+00:00\",\"description\":\"Ihre Karriere bei Krauss Tax Legal Steuerkanzlei in N\u00fcrnberg. Hier finden Sie offene Stellenangebote und mehr.\",\"breadcrumb\":{\"@id\":\"https:\/\/taxlegal.de\/de\/karriere-bei-krauss-tax-legal-steuerkanzlei-in-nuernberg\/#breadcrumb\"},\"inLanguage\":\"de\",\"potentialAction\":[{\"@type\":\"ReadAction\",\"target\":[\"https:\/\/taxlegal.de\/de\/karriere-bei-krauss-tax-legal-steuerkanzlei-in-nuernberg\/\"]}]},{\"@type\":\"ImageObject\",\"inLanguage\":\"de\",\"@id\":\"https:\/\/taxlegal.de\/de\/karriere-bei-krauss-tax-legal-steuerkanzlei-in-nuernberg\/#primaryimage\",\"url\":\"https:\/\/taxlegal.de\/de\/wp-content\/uploads\/sites\/2\/2025\/02\/11.jpg\",\"contentUrl\":\"https:\/\/taxlegal.de\/de\/wp-content\/uploads\/sites\/2\/2025\/02\/11.jpg\",\"width\":1200,\"height\":800},{\"@type\":\"BreadcrumbList\",\"@id\":\"https:\/\/taxlegal.de\/de\/karriere-bei-krauss-tax-legal-steuerkanzlei-in-nuernberg\/#breadcrumb\",\"itemListElement\":[{\"@type\":\"ListItem\",\"position\":1,\"name\":\"Startseite\",\"item\":\"https:\/\/taxlegal.de\/de\/\"},{\"@type\":\"ListItem\",\"position\":2,\"name\":\"Karriere\"}]},{\"@type\":\"WebSite\",\"@id\":\"https:\/\/taxlegal.de\/de\/#website\",\"url\":\"https:\/\/taxlegal.de\/de\/\",\"name\":\"KRAUSS \u00b7 Tax Legal \u00b7 de\",\"description\":\"Ihre Experten f\u00fcr Wirtschaftsrecht und steuerrechtliche Sonderfragen\",\"publisher\":{\"@id\":\"https:\/\/taxlegal.de\/de\/#organization\"},\"potentialAction\":[{\"@type\":\"SearchAction\",\"target\":{\"@type\":\"EntryPoint\",\"urlTemplate\":\"https:\/\/taxlegal.de\/de\/?s={search_term_string}\"},\"query-input\":{\"@type\":\"PropertyValueSpecification\",\"valueRequired\":true,\"valueName\":\"search_term_string\"}}],\"inLanguage\":\"de\"},{\"@type\":\"Organization\",\"@id\":\"https:\/\/taxlegal.de\/de\/#organization\",\"name\":\"Krauss Tax Legal GmbH\",\"url\":\"https:\/\/taxlegal.de\/de\/\",\"logo\":{\"@type\":\"ImageObject\",\"inLanguage\":\"de\",\"@id\":\"https:\/\/taxlegal.de\/de\/#\/schema\/logo\/image\/\",\"url\":\"https:\/\/taxlegal.de\/de\/wp-content\/uploads\/sites\/2\/2019\/08\/krauss-taxandlegal.png\",\"contentUrl\":\"https:\/\/taxlegal.de\/de\/wp-content\/uploads\/sites\/2\/2019\/08\/krauss-taxandlegal.png\",\"width\":396,\"height\":138,\"caption\":\"Krauss Tax Legal GmbH\"},\"image\":{\"@id\":\"https:\/\/taxlegal.de\/de\/#\/schema\/logo\/image\/\"}}]}<\/script>\n<!-- \/ Yoast SEO plugin. -->","yoast_head_json":{"title":"Karriere bei Krauss Tax Legal Steuerkanzlei in N\u00fcrnberg","description":"Ihre Karriere bei Krauss Tax Legal Steuerkanzlei in N\u00fcrnberg. Hier finden Sie offene Stellenangebote und mehr.","robots":{"index":"index","follow":"follow","max-snippet":"max-snippet:-1","max-image-preview":"max-image-preview:large","max-video-preview":"max-video-preview:-1"},"canonical":"https:\/\/taxlegal.de\/de\/karriere-bei-krauss-tax-legal-steuerkanzlei-in-nuernberg\/","og_locale":"de_DE","og_type":"article","og_title":"Karriere bei Krauss Tax Legal Steuerkanzlei in N\u00fcrnberg","og_description":"Ihre Karriere bei Krauss Tax Legal Steuerkanzlei in N\u00fcrnberg. Hier finden Sie offene Stellenangebote und mehr.","og_url":"https:\/\/taxlegal.de\/de\/karriere-bei-krauss-tax-legal-steuerkanzlei-in-nuernberg\/","og_site_name":"KRAUSS \u00b7 Tax Legal \u00b7 de","article_modified_time":"2025-10-12T19:20:24+00:00","og_image":[{"width":1200,"height":800,"url":"https:\/\/taxlegal.de\/de\/wp-content\/uploads\/sites\/2\/2025\/02\/11.jpg","type":"image\/jpeg"}],"twitter_card":"summary_large_image","twitter_misc":{"Gesch\u00e4tzte Lesezeit":"3\u00a0Minuten"},"schema":{"@context":"https:\/\/schema.org","@graph":[{"@type":"WebPage","@id":"https:\/\/taxlegal.de\/de\/karriere-bei-krauss-tax-legal-steuerkanzlei-in-nuernberg\/","url":"https:\/\/taxlegal.de\/de\/karriere-bei-krauss-tax-legal-steuerkanzlei-in-nuernberg\/","name":"Karriere bei Krauss Tax Legal Steuerkanzlei in N\u00fcrnberg","isPartOf":{"@id":"https:\/\/taxlegal.de\/de\/#website"},"primaryImageOfPage":{"@id":"https:\/\/taxlegal.de\/de\/karriere-bei-krauss-tax-legal-steuerkanzlei-in-nuernberg\/#primaryimage"},"image":{"@id":"https:\/\/taxlegal.de\/de\/karriere-bei-krauss-tax-legal-steuerkanzlei-in-nuernberg\/#primaryimage"},"thumbnailUrl":"https:\/\/taxlegal.de\/de\/wp-content\/uploads\/sites\/2\/2025\/02\/11-1024x683.jpg","datePublished":"2025-01-15T18:35:23+00:00","dateModified":"2025-10-12T19:20:24+00:00","description":"Ihre Karriere bei Krauss Tax Legal Steuerkanzlei in N\u00fcrnberg. Hier finden Sie offene Stellenangebote und mehr.","breadcrumb":{"@id":"https:\/\/taxlegal.de\/de\/karriere-bei-krauss-tax-legal-steuerkanzlei-in-nuernberg\/#breadcrumb"},"inLanguage":"de","potentialAction":[{"@type":"ReadAction","target":["https:\/\/taxlegal.de\/de\/karriere-bei-krauss-tax-legal-steuerkanzlei-in-nuernberg\/"]}]},{"@type":"ImageObject","inLanguage":"de","@id":"https:\/\/taxlegal.de\/de\/karriere-bei-krauss-tax-legal-steuerkanzlei-in-nuernberg\/#primaryimage","url":"https:\/\/taxlegal.de\/de\/wp-content\/uploads\/sites\/2\/2025\/02\/11.jpg","contentUrl":"https:\/\/taxlegal.de\/de\/wp-content\/uploads\/sites\/2\/2025\/02\/11.jpg","width":1200,"height":800},{"@type":"BreadcrumbList","@id":"https:\/\/taxlegal.de\/de\/karriere-bei-krauss-tax-legal-steuerkanzlei-in-nuernberg\/#breadcrumb","itemListElement":[{"@type":"ListItem","position":1,"name":"Startseite","item":"https:\/\/taxlegal.de\/de\/"},{"@type":"ListItem","position":2,"name":"Karriere"}]},{"@type":"WebSite","@id":"https:\/\/taxlegal.de\/de\/#website","url":"https:\/\/taxlegal.de\/de\/","name":"KRAUSS \u00b7 Tax Legal \u00b7 de","description":"Ihre Experten f\u00fcr Wirtschaftsrecht und steuerrechtliche Sonderfragen","publisher":{"@id":"https:\/\/taxlegal.de\/de\/#organization"},"potentialAction":[{"@type":"SearchAction","target":{"@type":"EntryPoint","urlTemplate":"https:\/\/taxlegal.de\/de\/?s={search_term_string}"},"query-input":{"@type":"PropertyValueSpecification","valueRequired":true,"valueName":"search_term_string"}}],"inLanguage":"de"},{"@type":"Organization","@id":"https:\/\/taxlegal.de\/de\/#organization","name":"Krauss Tax Legal GmbH","url":"https:\/\/taxlegal.de\/de\/","logo":{"@type":"ImageObject","inLanguage":"de","@id":"https:\/\/taxlegal.de\/de\/#\/schema\/logo\/image\/","url":"https:\/\/taxlegal.de\/de\/wp-content\/uploads\/sites\/2\/2019\/08\/krauss-taxandlegal.png","contentUrl":"https:\/\/taxlegal.de\/de\/wp-content\/uploads\/sites\/2\/2019\/08\/krauss-taxandlegal.png","width":396,"height":138,"caption":"Krauss Tax Legal GmbH"},"image":{"@id":"https:\/\/taxlegal.de\/de\/#\/schema\/logo\/image\/"}}]}},"_links":{"self":[{"href":"https:\/\/taxlegal.de\/de\/wp-json\/wp\/v2\/pages\/1919","targetHints":{"allow":["GET"]}}],"collection":[{"href":"https:\/\/taxlegal.de\/de\/wp-json\/wp\/v2\/pages"}],"about":[{"href":"https:\/\/taxlegal.de\/de\/wp-json\/wp\/v2\/types\/page"}],"author":[{"embeddable":true,"href":"https:\/\/taxlegal.de\/de\/wp-json\/wp\/v2\/users\/3"}],"replies":[{"embeddable":true,"href":"https:\/\/taxlegal.de\/de\/wp-json\/wp\/v2\/comments?post=1919"}],"version-history":[{"count":3,"href":"https:\/\/taxlegal.de\/de\/wp-json\/wp\/v2\/pages\/1919\/revisions"}],"predecessor-version":[{"id":2312,"href":"https:\/\/taxlegal.de\/de\/wp-json\/wp\/v2\/pages\/1919\/revisions\/2312"}],"wp:attachment":[{"href":"https:\/\/taxlegal.de\/de\/wp-json\/wp\/v2\/media?parent=1919"}],"curies":[{"name":"wp","href":"https:\/\/api.w.org\/{rel}","templated":true}]}}